{"id":26,"date":"2024-08-21T12:21:15","date_gmt":"2024-08-21T10:21:15","guid":{"rendered":"http:\/\/www.naturschutz-krempe.de\/?page_id=26"},"modified":"2025-02-24T16:24:09","modified_gmt":"2025-02-24T15:24:09","slug":"home","status":"publish","type":"page","link":"https:\/\/www.naturschutz-krempe.de\/","title":{"rendered":"Home"},"content":{"rendered":"<p>[et_pb_section fb_built=&#8220;1&#8243; admin_label=&#8220;section&#8220; _builder_version=&#8220;4.4.1&#8243; background_color=&#8220;rgba(0,0,0,0)&#8220; background_image=&#8220;http:\/\/www.naturschutz-krempe.de\/wp-content\/uploads\/2024\/09\/Buergerinitiative-Krempe-Weide-filter-scaled.jpg&#8220; min_height=&#8220;534px&#8220; custom_margin=&#8220;||-1px|||&#8220; custom_padding=&#8220;79px||0px|||&#8220;][et_pb_row column_structure=&#8220;1_2,1_2&#8243; _builder_version=&#8220;4.4.1&#8243; custom_margin=&#8220;74px|auto||auto||&#8220; custom_padding=&#8220;||129px|||&#8220;][et_pb_column type=&#8220;1_2&#8243; _builder_version=&#8220;4.4.1&#8243;][et_pb_image src=&#8220;http:\/\/www.naturschutz-krempe.de\/wp-content\/uploads\/2024\/08\/buergerinitiative-krempe-achtung-naturverlust-in-krempe-logo-negativ-gruen-links-schwarzer-kasten-1.png&#8220; _builder_version=&#8220;4.4.1&#8243; custom_padding=&#8220;39px|||||&#8220;][\/et_pb_image][\/et_pb_column][et_pb_column type=&#8220;1_2&#8243; _builder_version=&#8220;4.4.1&#8243;][et_pb_accordion _builder_version=&#8220;4.4.1&#8243; hover_enabled=&#8220;0&#8243;][et_pb_accordion_item title=&#8220;DANKESCH\u00d6N!&#8220; open=&#8220;on&#8220; open_toggle_text_color=&#8220;#3fa435&#8243; _builder_version=&#8220;4.4.1&#8243; body_text_color=&#8220;#000000&#8243; body_font_size=&#8220;22px&#8220; background_enable_color=&#8220;off&#8220; hover_enabled=&#8220;0&#8243; toggle_text_color=&#8220;#7cda24&#8243; toggle_level=&#8220;h3&#8243; toggle_font=&#8220;|700|||||||&#8220; toggle_font_size=&#8220;34px&#8220; toggle_line_height=&#8220;1.4em&#8220; body_line_height=&#8220;1.4em&#8220; body_font=&#8220;|600|||||||&#8220; body_text_align=&#8220;left&#8220; custom_margin=&#8220;||||false|false&#8220; custom_padding=&#8220;40px|40px|40px|40px|false|false&#8220;]<\/p>\n<p>Es haben \u00fcber 800 Kremper:innen <span style=\"color: #3fa435;\">F\u00dcR<\/span> den Erhalt der Weide gestimmt! Damit wurde der B\u00fcrgerentscheid gewonnen und die Weide darf nicht bebaut werden.<\/p>\n<p><strong><span style=\"color: #3fa435;\">Die Natur hat gewonnen.<\/span><\/strong><\/p>\n<p>[\/et_pb_accordion_item][\/et_pb_accordion][\/et_pb_column][\/et_pb_row][\/et_pb_section][et_pb_section fb_built=&#8220;1&#8243; _builder_version=&#8220;4.4.1&#8243; background_color=&#8220;rgba(63,165,53,0.23)&#8220; custom_padding=&#8220;3px||2px|||&#8220;][et_pb_row column_structure=&#8220;1_5,3_5,1_5&#8243; _builder_version=&#8220;4.4.1&#8243; custom_padding=&#8220;39px||39px|||&#8220;][et_pb_column type=&#8220;1_5&#8243; _builder_version=&#8220;4.4.1&#8243;][\/et_pb_column][et_pb_column type=&#8220;3_5&#8243; _builder_version=&#8220;4.4.1&#8243;][et_pb_text _builder_version=&#8220;4.4.1&#8243; header_font=&#8220;Cabin Condensed||||||||&#8220; header_2_font=&#8220;Cabin Condensed||||||||&#8220; header_2_text_align=&#8220;center&#8220; header_2_font_size=&#8220;30px&#8220; header_2_line_height=&#8220;1.2em&#8220;]<\/p>\n<h2 style=\"font-weight: 400;\"><span>Die B\u00fcrgerinitiative setzt sich f\u00fcr den Erhalt der Naturfl\u00e4che im Bereich Borsflether Weg\/K\u00f6nigsweg ein.\u00a0 <\/span><\/h2>\n<p>[\/et_pb_text][\/et_pb_column][et_pb_column type=&#8220;1_5&#8243; _builder_version=&#8220;4.4.1&#8243;][\/et_pb_column][\/et_pb_row][\/et_pb_section][et_pb_section fb_built=&#8220;1&#8243; _builder_version=&#8220;4.4.1&#8243; background_enable_image=&#8220;off&#8220; parallax=&#8220;on&#8220; custom_padding=&#8220;39px||1px|||&#8220;][et_pb_row _builder_version=&#8220;4.4.1&#8243; min_height=&#8220;244px&#8220; custom_padding=&#8220;0px||0px|||&#8220;][et_pb_column type=&#8220;4_4&#8243; _builder_version=&#8220;4.4.1&#8243;][et_pb_text _builder_version=&#8220;4.4.1&#8243; header_2_font=&#8220;Cabin Condensed||||||||&#8220; header_2_text_align=&#8220;center&#8220; header_2_font_size=&#8220;40px&#8220; min_height=&#8220;222px&#8220; custom_margin=&#8220;-1px|||||&#8220; border_radii=&#8220;off||||&#8220; border_width_all=&#8220;34px&#8220; border_color_all=&#8220;rgba(0,0,0,0)&#8220;]<\/p>\n<h2 style=\"font-weight: 400;\">Ach<span style=\"color: #99cc00;\"><strong>TUN<\/strong><\/span>g! Die Weide soll bebaut werden.<\/h2>\n<h2 style=\"font-weight: 400;\">Die Allee verliert ihre Kulisse.<\/h2>\n<h2 style=\"font-weight: 400;\">Krempe verliert ein St\u00fcck seiner Lebensqualit\u00e4t.<\/h2>\n<p>[\/et_pb_text][\/et_pb_column][\/et_pb_row][et_pb_row column_structure=&#8220;2_3,1_3&#8243; _builder_version=&#8220;4.4.1&#8243; custom_margin=&#8220;-28px|auto||auto||&#8220;][et_pb_column type=&#8220;2_3&#8243; _builder_version=&#8220;4.4.1&#8243;][et_pb_text _builder_version=&#8220;4.4.1&#8243; text_font=&#8220;Raleway|600|||||||&#8220; text_text_color=&#8220;#000000&#8243; text_font_size=&#8220;20px&#8220; text_orientation=&#8220;center&#8220; custom_margin=&#8220;-5px|||||&#8220;]<\/p>\n<p style=\"font-weight: 400; text-align: left;\"><strong><span>Die Weide ist nicht nur ein Feld.<\/span><\/strong><span> Viele Menschen gehen um die Weide spazieren. Ob in Krempe wohnend oder ortsfremd, Alte, Junge, Familien, allein, mit Hund oder Freunden, mit Kinderwagen oder Fahrrad &#8211; alle sind willkommen im Schatten der gro\u00dfartigen B\u00e4ume und im Schutz der Natur. <\/span><span>Naherholung wird hier gro\u00dfgeschrieben. F\u00fcr JEDEN bietet diese Naturfl\u00e4che ein Refugium. Eine Bebauung der Weide gef\u00e4hrdet auch den Baumbestand der Allee.\u00a0<\/span><\/p>\n<p style=\"font-weight: 400; text-align: left;\"><span style=\"font-weight: 400;\"><strong>ALLE,<\/strong> die Lust haben, sich f\u00fcr den Erhalt der Weide und der Allee stark zu machen, sind herzlich eingeladen, sich zu beteiligen. <\/span> Eine Email an <em><a href=\"mailto:info@naturschutz-krempe.de\">info@naturschutz-krempe.de<\/a><\/em> gen\u00fcgt.<\/p>\n<p>[\/et_pb_text][\/et_pb_column][et_pb_column type=&#8220;1_3&#8243; _builder_version=&#8220;4.4.1&#8243;][et_pb_image src=&#8220;http:\/\/www.naturschutz-krempe.de\/wp-content\/uploads\/2024\/08\/buergerinitiative-krempe-weide-kuehe-1.jpg&#8220; _builder_version=&#8220;4.4.1&#8243;][\/et_pb_image][\/et_pb_column][\/et_pb_row][et_pb_row column_structure=&#8220;1_3,1_3,1_3&#8243; _builder_version=&#8220;4.4.1&#8243;][et_pb_column type=&#8220;1_3&#8243; _builder_version=&#8220;4.4.1&#8243;][et_pb_image src=&#8220;http:\/\/www.naturschutz-krempe.de\/wp-content\/uploads\/2024\/08\/Buergerinitiative-Krempe-Allee-1.jpg&#8220; _builder_version=&#8220;4.4.1&#8243;][\/et_pb_image][\/et_pb_column][et_pb_column type=&#8220;1_3&#8243; _builder_version=&#8220;4.4.1&#8243;][et_pb_image src=&#8220;http:\/\/www.naturschutz-krempe.de\/wp-content\/uploads\/2024\/08\/Buergerinitiative-Krempe-Kuh-1.jpg&#8220; _builder_version=&#8220;4.4.1&#8243;][\/et_pb_image][\/et_pb_column][et_pb_column type=&#8220;1_3&#8243; _builder_version=&#8220;4.4.1&#8243;][et_pb_image src=&#8220;http:\/\/www.naturschutz-krempe.de\/wp-content\/uploads\/2024\/08\/Buergerinitiative-Krempe-Weide-1-1.jpg&#8220; _builder_version=&#8220;4.4.1&#8243;][\/et_pb_image][\/et_pb_column][\/et_pb_row][\/et_pb_section][et_pb_section fb_built=&#8220;1&#8243; _builder_version=&#8220;4.4.1&#8243; background_color=&#8220;rgba(63,165,53,0.23)&#8220; custom_margin=&#8220;||0px|||&#8220; custom_padding=&#8220;0px||33px|||&#8220;][et_pb_row _builder_version=&#8220;4.4.1&#8243; custom_margin=&#8220;26px|auto||auto||&#8220; custom_padding=&#8220;||5px|||&#8220;][et_pb_column type=&#8220;4_4&#8243; _builder_version=&#8220;4.4.1&#8243;][et_pb_text _builder_version=&#8220;4.4.1&#8243; header_font=&#8220;Cabin Condensed|700||on|||||&#8220; header_text_align=&#8220;center&#8220; header_text_color=&#8220;#000000&#8243; header_font_size=&#8220;40px&#8220; header_letter_spacing=&#8220;7px&#8220; custom_margin=&#8220;18px|||||&#8220;]<\/p>\n<h1>+++ Neuigkeiten +++<\/h1>\n<p>[\/et_pb_text][\/et_pb_column][\/et_pb_row][et_pb_row column_structure=&#8220;2_5,3_5&#8243; _builder_version=&#8220;4.4.1&#8243;][et_pb_column type=&#8220;2_5&#8243; _builder_version=&#8220;4.4.1&#8243;][et_pb_image src=&#8220;http:\/\/www.naturschutz-krempe.de\/wp-content\/uploads\/2025\/02\/man-593333_1280.jpg&#8220; _builder_version=&#8220;4.4.1&#8243;][\/et_pb_image][\/et_pb_column][et_pb_column type=&#8220;3_5&#8243; _builder_version=&#8220;4.4.1&#8243;][et_pb_text _builder_version=&#8220;4.4.1&#8243; header_3_line_height=&#8220;1.3em&#8220; custom_margin=&#8220;||12px|||&#8220;]<\/p>\n<h3>Stellungnahme zum Vorhaben der Bebauung von Lothar Wittorf<\/h3>\n<p>[\/et_pb_text][et_pb_button button_url=&#8220;http:\/\/www.naturschutz-krempe.de\/wp-content\/uploads\/2025\/02\/Grueppenweide-erhalten.pdf&#8220; url_new_window=&#8220;on&#8220; button_text=&#8220;Hier lesen&#8220; _builder_version=&#8220;4.4.1&#8243; custom_button=&#8220;on&#8220; button_text_color=&#8220;#ffffff&#8220; button_bg_color=&#8220;#409300&#8243; button_border_color=&#8220;rgba(0,0,0,0)&#8220;][\/et_pb_button][\/et_pb_column][\/et_pb_row][\/et_pb_section][et_pb_section fb_built=&#8220;1&#8243; _builder_version=&#8220;4.4.1&#8243;][et_pb_row _builder_version=&#8220;4.4.1&#8243; custom_padding=&#8220;0px|||||&#8220;][et_pb_column type=&#8220;4_4&#8243; _builder_version=&#8220;4.4.1&#8243;][et_pb_text _builder_version=&#8220;4.4.1&#8243; header_font=&#8220;Cabin Condensed|600||on|||||&#8220; header_text_align=&#8220;center&#8220; header_text_color=&#8220;#000000&#8243; header_font_size=&#8220;40px&#8220; header_letter_spacing=&#8220;3px&#8220; custom_margin=&#8220;18px|||||&#8220;]<\/p>\n<h1>Alle Argumente auf einen Blick<\/h1>\n<p>[\/et_pb_text][\/et_pb_column][\/et_pb_row][et_pb_row column_structure=&#8220;1_3,1_3,1_3&#8243; _builder_version=&#8220;4.4.1&#8243;][et_pb_column type=&#8220;1_3&#8243; _builder_version=&#8220;4.4.1&#8243;][et_pb_text _builder_version=&#8220;4.4.1&#8243; header_font=&#8220;Cabin Condensed|700||on|||||&#8220; header_text_align=&#8220;center&#8220; header_text_color=&#8220;#000000&#8243; header_font_size=&#8220;40px&#8220; header_letter_spacing=&#8220;7px&#8220; header_2_font=&#8220;Cabin Condensed|700||on|on||||double&#8220; header_2_text_align=&#8220;center&#8220; header_2_text_color=&#8220;#3fa535&#8243; header_2_letter_spacing=&#8220;3px&#8220; custom_margin=&#8220;18px|||||&#8220;]<\/p>\n<h2>Mensch<\/h2>\n<p>[\/et_pb_text][et_pb_text _builder_version=&#8220;4.4.1&#8243; text_font_size=&#8220;18px&#8220;]<\/p>\n<p style=\"text-align: left;\"><span style=\"color: #000000;\">Dieses Gebiet<\/span><\/p>\n<p style=\"text-align: left;\"><span style=\"color: #000000;\"><\/span><\/p>\n<ul style=\"text-align: left;\">\n<li><span style=\"color: #000000;\">bietet Erholung f\u00fcr alle Sinne<\/span><\/li>\n<li><span style=\"color: #000000;\">priorisiert Fu\u00dfg\u00e4nger:innen und Radfahrer:innen<\/span><\/li>\n<li><span style=\"color: #000000;\">hat damit hohen Naherholungswert f\u00fcr B\u00fcrger:innen (und deren Hunde)<\/span><\/li>\n<li><span style=\"color: #000000;\">steigert die Lebensqualit\u00e4t der Stadt<\/span><\/li>\n<\/ul>\n<blockquote>\n<p style=\"text-align: left;\"><span style=\"color: #000000;\">Mit der Bebauung der Wiese am K\u00f6nigsweg, verliert die historische Allee ihre Kulisse und die Menschen in Krempe ein St\u00fcck ihrer Lebensqualit\u00e4t.<\/span><\/p>\n<\/blockquote>\n<p>[\/et_pb_text][\/et_pb_column][et_pb_column type=&#8220;1_3&#8243; _builder_version=&#8220;4.4.1&#8243;][et_pb_text _builder_version=&#8220;4.4.1&#8243; header_font=&#8220;Cabin Condensed|700||on|||||&#8220; header_text_align=&#8220;center&#8220; header_text_color=&#8220;#000000&#8243; header_font_size=&#8220;40px&#8220; header_letter_spacing=&#8220;7px&#8220; header_2_font=&#8220;Cabin Condensed|700||on|on||||double&#8220; header_2_text_align=&#8220;center&#8220; header_2_text_color=&#8220;#3fa535&#8243; header_2_letter_spacing=&#8220;3px&#8220; custom_margin=&#8220;18px|||||&#8220;]<\/p>\n<h2>Natur<\/h2>\n<p>[\/et_pb_text][et_pb_text _builder_version=&#8220;4.4.1&#8243; text_font_size=&#8220;18px&#8220;]<\/p>\n<p style=\"text-align: left;\"><span style=\"color: #000000;\">Dieses Gebiet<\/span><\/p>\n<ul style=\"text-align: left;\">\n<li><span color=\"#000000\" style=\"color: #000000;\">bietet Ausgleich bei zunehmender Fl\u00e4chenversiegelung in Zeiten des Klimawandels<\/span><\/li>\n<li><span color=\"#000000\" style=\"color: #000000;\"><span style=\"caret-color: #000000;\">beinhaltet mit Allee, Biotop, Weide und Geh\u00f6lz strukturreiche Natur<\/span><\/span><\/li>\n<li><span color=\"#000000\" style=\"color: #000000;\"><span style=\"caret-color: #000000;\">bietet Lebensraum f\u00fcr viele Tier- und Pflanzenarten<\/span><\/span><\/li>\n<\/ul>\n<blockquote>\n<p style=\"text-align: left;\"><span style=\"color: #000000;\">Mit der Bebauung der Wiese am K\u00f6nigsweg, verliert Krempe ein St\u00fcck Natur, Schutz vor Klimafolgen und \u00f6kologische Vielfalt.<\/span><\/p>\n<\/blockquote>\n<p>[\/et_pb_text][\/et_pb_column][et_pb_column type=&#8220;1_3&#8243; _builder_version=&#8220;4.4.1&#8243;][et_pb_text _builder_version=&#8220;4.4.1&#8243; header_font=&#8220;Cabin Condensed|700||on|||||&#8220; header_text_align=&#8220;center&#8220; header_text_color=&#8220;#000000&#8243; header_font_size=&#8220;40px&#8220; header_letter_spacing=&#8220;7px&#8220; header_2_font=&#8220;Cabin Condensed|700||on|on||||double&#8220; header_2_text_align=&#8220;center&#8220; header_2_text_color=&#8220;#3fa535&#8243; header_2_letter_spacing=&#8220;3px&#8220; custom_margin=&#8220;18px|||||&#8220;]<\/p>\n<h2>Wirtschaft<\/h2>\n<p>[\/et_pb_text][et_pb_text _builder_version=&#8220;4.4.1&#8243; text_font_size=&#8220;18px&#8220;]<\/p>\n<p style=\"text-align: left;\"><span style=\"color: #000000;\">Die Entwicklung des Baugebietes bietet folgende Risiken:\u00a0<\/span><\/p>\n<p style=\"text-align: left;\"><span style=\"color: #000000;\"><\/span><\/p>\n<ul style=\"text-align: left;\">\n<li><span color=\"#000000\" style=\"color: #000000;\"><span style=\"caret-color: #000000;\">Keine gesicherten Erkenntnisse \u00fcber Auflagen und Folgen bez\u00fcglich Arten-, Natur- und Schallschutz, Verkehrskonzepte und Bodenbeschaffenheiten<\/span><\/span><\/li>\n<li>\n<p><span style=\"color: #000000;\">Fehlende Liquidit\u00e4t der Stadt Krempe. Es droht eine<span class=\"Apple-converted-space\">\u00a0<\/span>immense Belastung der Stadtkasse.<span class=\"Apple-converted-space\">\u00a0<\/span><\/span><\/p>\n<\/li>\n<li>\n<p><span style=\"color: #000000;\"><span class=\"Apple-converted-space\"><\/span>Wichtige Gelder f\u00fcr Kinder, Senioren, Schwimmbad, Sportverein, Feuerwehr etc. stehen nicht mehr zur Verf\u00fcgung<\/span><\/p>\n<\/li>\n<\/ul>\n<blockquote>\n<p style=\"text-align: left;\"><span style=\"color: #000000;\">Das hohe wirtschaftliche Risiko verbleibt bei der Stadt Krempe<\/span><\/p>\n<\/blockquote>\n<p>[\/et_pb_text][\/et_pb_column][\/et_pb_row][\/et_pb_section][et_pb_section fb_built=&#8220;1&#8243; _builder_version=&#8220;4.4.1&#8243; background_color=&#8220;rgba(63,165,53,0.23)&#8220; custom_padding=&#8220;||4px|||&#8220;][et_pb_row _builder_version=&#8220;4.4.1&#8243; custom_padding=&#8220;12px|||||&#8220;][et_pb_column type=&#8220;4_4&#8243; _builder_version=&#8220;4.4.1&#8243;][et_pb_text _builder_version=&#8220;4.4.1&#8243; header_font=&#8220;Cabin Condensed|600||on|||||&#8220; header_text_align=&#8220;center&#8220; header_text_color=&#8220;#000000&#8243; header_font_size=&#8220;40px&#8220; header_letter_spacing=&#8220;3px&#8220; custom_margin=&#8220;-13px|||||&#8220;]<\/p>\n<h1>Der Plan<\/h1>\n<p>[\/et_pb_text][\/et_pb_column][\/et_pb_row][et_pb_row column_structure=&#8220;1_3,1_3,1_3&#8243; _builder_version=&#8220;4.4.1&#8243; min_height=&#8220;122px&#8220; custom_padding=&#8220;1px||14px|||&#8220;][et_pb_column type=&#8220;1_3&#8243; _builder_version=&#8220;4.4.1&#8243;][\/et_pb_column][et_pb_column type=&#8220;1_3&#8243; _builder_version=&#8220;4.4.1&#8243;][et_pb_text _builder_version=&#8220;4.4.1&#8243; text_font_size=&#8220;18px&#8220; custom_margin=&#8220;||-4px|||&#8220;]<\/p>\n<ol>\n<li style=\"text-align: center;\"><span style=\"color: #000000;\">Ein B\u00fcrgerbegehren<\/span><\/li>\n<li style=\"text-align: center;\"><span style=\"color: #000000;\">Ein B\u00fcrgerentscheid<\/span><span style=\"color: #000000;\"><\/span><\/li>\n<\/ol>\n<p style=\"text-align: center;\"><span style=\"color: #000000;\"><\/span><\/p>\n<p>[\/et_pb_text][\/et_pb_column][et_pb_column type=&#8220;1_3&#8243; _builder_version=&#8220;4.4.1&#8243;][\/et_pb_column][\/et_pb_row][\/et_pb_section][et_pb_section fb_built=&#8220;1&#8243; _builder_version=&#8220;4.4.1&#8243; background_color=&#8220;rgba(63,165,53,0.12)&#8220; custom_padding=&#8220;0px||4px|||&#8220;][et_pb_row _builder_version=&#8220;4.4.1&#8243; custom_padding=&#8220;||1px|||&#8220;][et_pb_column type=&#8220;4_4&#8243; _builder_version=&#8220;4.4.1&#8243;][et_pb_text _builder_version=&#8220;4.4.1&#8243; text_font_size=&#8220;18px&#8220;]<\/p>\n<p style=\"font-weight: 400;\"><span style=\"color: #000000;\">Ein B\u00fcrgerbegehren ist ein Weg f\u00fcr die Einwohner von Krempe, direkt mitzubestimmen, was in dieser Stadt passiert. Normalerweise treffen der B\u00fcrgermeister und der Stadtrat die wesentlichen Entscheidungen. Mit einem erfolgreichen B\u00fcrgerbegehren sagen die Einwohner von Krempe: \u201eWir wollen demokratisch mitbestimmen!\u201c\u00a0 <\/span><\/p>\n<p style=\"font-weight: 400;\"><span style=\"color: #000000;\"><strong><\/strong><\/span><\/p>\n<p>[\/et_pb_text][\/et_pb_column][\/et_pb_row][et_pb_row column_structure=&#8220;1_2,1_2&#8243; _builder_version=&#8220;4.4.1&#8243; min_height=&#8220;103px&#8220; custom_padding=&#8220;||0px|||&#8220;][et_pb_column type=&#8220;1_2&#8243; _builder_version=&#8220;4.4.1&#8243;][et_pb_text _builder_version=&#8220;4.4.1&#8243; text_font_size=&#8220;18px&#8220;]<\/p>\n<p style=\"font-weight: 400;\"><strong><span style=\"color: #000000;\">\u00bb So funktioniert das B\u00fcrgerbegehren\/B\u00fcrgerentscheid:<\/span><\/strong><\/p>\n<p>[\/et_pb_text][\/et_pb_column][et_pb_column type=&#8220;1_2&#8243; _builder_version=&#8220;4.4.1&#8243;][\/et_pb_column][\/et_pb_row][et_pb_row column_structure=&#8220;1_2,1_2&#8243; _builder_version=&#8220;4.4.1&#8243; custom_padding=&#8220;0px|||||&#8220;][et_pb_column type=&#8220;1_2&#8243; _builder_version=&#8220;4.4.1&#8243;][et_pb_text _builder_version=&#8220;4.4.1&#8243; text_font_size=&#8220;18px&#8220;]<\/p>\n<p style=\"font-weight: 400;\">\n<ol>\n<li style=\"font-weight: 400;\"><span style=\"color: #000000;\">Es haben sich einige Bewohner von Krempe zusammengefunden und eine <strong>B\u00fcrgerinitiative<\/strong> gegr\u00fcndet, um das von der Stadt angek\u00fcndigte Projekt zur Bebauung der Weide am Borsflether Weg\/K\u00f6nigsweg zu verhindern. Auf dieser Webseite und bei vielen Aktionen rund um die Weide und in Krempe werden wir uns darum bem\u00fchen, Euch mit viel Spa\u00df und Engagement von unseren Argumenten zu \u00fcberzeugen.<\/span><span style=\"color: #000000;\">\u00a0<\/span><\/li>\n<\/ol>\n<ol start=\"2\">\n<li style=\"font-weight: 400;\"><span style=\"color: #000000;\">Nun gilt es, <strong>Unterschriften<\/strong> zu sammeln: Um eine Mitbestimmung zu bewirken (also einen B\u00fcrgerentscheid) m\u00fcssen wir zeigen, dass viele Menschen diese Idee unterst\u00fctzen. In diesem Fall ben\u00f6tigen wir die Unterschriften von mindestens 10 % der wahlberechtigten Kremper:innen. Das sind ca. 200 Unterschriften.<\/span><span style=\"color: #000000;\">\u00a0<\/span><\/li>\n<\/ol>\n<ol start=\"3\">\n<li style=\"font-weight: 400;\"><span style=\"color: #000000;\"><strong>Pr\u00fcfung<\/strong>: Wenn die B\u00fcrgerinitiative die notwendigen Unterschriften gesammelt hat, wird das <strong>B\u00fcrgerbegehren<\/strong> eingereicht. Die Stadt und die Kommunalaufsicht \u00fcberpr\u00fcfen, ob rechtlich alles in Ordnung ist.<\/span><span style=\"color: #000000;\">\u00a0<\/span><\/li>\n<\/ol>\n<p>[\/et_pb_text][\/et_pb_column][et_pb_column type=&#8220;1_2&#8243; _builder_version=&#8220;4.4.1&#8243;][et_pb_text _builder_version=&#8220;4.4.1&#8243; text_font_size=&#8220;18px&#8220;]<\/p>\n<ol start=\"4\">\n<li style=\"font-weight: 400;\"><span style=\"color: #000000;\"><strong>Abstimmung<\/strong>: Wenn alles passt, kommt es zur Abstimmung und es wird ein Termin zur Wahl festgelegt. Dann d\u00fcrfen alle B\u00fcrger in der Stadt entscheiden, ob die Weide bebaut werden soll oder nicht. Das ist der <strong>B\u00fcrgerentscheid<\/strong>. Um einen positiven Entscheid zu bewirken, ben\u00f6tigen wir die Stimme von 20% der wahlberechtigten Kremper:innen. Das sind ca. 400 Stimmen. Wir werden dann also noch einmal mehr Menschen motivieren m\u00fcssen, uns zu unterst\u00fctzen.<\/span><span style=\"color: #000000;\">\u00a0<\/span><\/li>\n<\/ol>\n<ol start=\"5\">\n<li style=\"font-weight: 400;\"><span style=\"color: #000000;\"><strong>Ergebnis umsetzen<\/strong>: Wenn mindestens 20% der B\u00fcrger beim B\u00fcrgerentscheid f\u00fcr den Erhalt der Naturfl\u00e4che stimmen, muss die Stadt dieser Entscheidung folgen.<\/span><\/li>\n<\/ol>\n<p style=\"font-weight: 400;\"><span style=\"color: #000000;\">\u00a0<\/span><\/p>\n<p>[\/et_pb_text][\/et_pb_column][\/et_pb_row][\/et_pb_section][et_pb_section fb_built=&#8220;1&#8243; _builder_version=&#8220;4.4.1&#8243; background_color=&#8220;rgba(63,165,53,0.23)&#8220; custom_padding=&#8220;||31px|||&#8220;][et_pb_row column_structure=&#8220;1_5,3_5,1_5&#8243; _builder_version=&#8220;4.4.1&#8243; custom_padding=&#8220;2px|||||&#8220;][et_pb_column type=&#8220;1_5&#8243; _builder_version=&#8220;4.4.1&#8243;][\/et_pb_column][et_pb_column type=&#8220;3_5&#8243; _builder_version=&#8220;4.4.1&#8243;][et_pb_text _builder_version=&#8220;4.4.1&#8243; text_font_size=&#8220;18px&#8220;]<\/p>\n<p style=\"text-align: center;\"><strong style=\"color: #000000;\">Ein B\u00fcrgerbegehren gibt euch B\u00fcrgern von Krempe also die M\u00f6glichkeit, selbst aktiv zu werden und mitzubestimmen, was in unserer Stadt passiert.<\/strong><\/p>\n<p style=\"font-weight: 400; text-align: center;\"><span style=\"color: #000000;\"><strong>Mit Deiner Unterschrift bekundest Du Dein Interesse, im Rahmen einer Wahl mitbestimmen zu wollen. <\/strong><\/span><\/p>\n<p style=\"font-weight: 400; text-align: center;\"><span style=\"color: #000000;\"><strong>AchTUNg! <\/strong><\/span><\/p>\n<p style=\"font-weight: 400; text-align: center;\"><span style=\"color: #000000;\"><strong>Die eine Unterschrift reicht leider nicht, wir ben\u00f6tigen zus\u00e4tzlich im Verlauf noch Deine Stimme bei der endg\u00fcltigen Abstimmung.<\/strong><\/span><\/p>\n<p>[\/et_pb_text][\/et_pb_column][et_pb_column type=&#8220;1_5&#8243; _builder_version=&#8220;4.4.1&#8243;][\/et_pb_column][\/et_pb_row][\/et_pb_section][et_pb_section fb_built=&#8220;1&#8243; _builder_version=&#8220;4.4.1&#8243; custom_padding=&#8220;7px||21px|||&#8220;][et_pb_row column_structure=&#8220;1_4,1_4,1_4,1_4&#8243; _builder_version=&#8220;4.4.1&#8243;][et_pb_column type=&#8220;1_4&#8243; _builder_version=&#8220;4.4.1&#8243;][\/et_pb_column][et_pb_column type=&#8220;1_4&#8243; _builder_version=&#8220;4.4.1&#8243;][et_pb_image src=&#8220;http:\/\/www.naturschutz-krempe.de\/wp-content\/uploads\/2024\/08\/IMG_7270.png&#8220; _builder_version=&#8220;4.4.1&#8243; custom_margin=&#8220;35px|||||&#8220;][\/et_pb_image][\/et_pb_column][et_pb_column type=&#8220;1_4&#8243; _builder_version=&#8220;4.4.1&#8243;][et_pb_image src=&#8220;http:\/\/www.naturschutz-krempe.de\/wp-content\/uploads\/2024\/09\/Gruppenlogo-einzeilig-mit-Balken-1.png&#8220; _builder_version=&#8220;4.4.1&#8243;][\/et_pb_image][\/et_pb_column][et_pb_column type=&#8220;1_4&#8243; _builder_version=&#8220;4.4.1&#8243;][\/et_pb_column][\/et_pb_row][\/et_pb_section][et_pb_section fb_built=&#8220;1&#8243; _builder_version=&#8220;4.4.1&#8243; background_image=&#8220;http:\/\/www.naturschutz-krempe.de\/wp-content\/uploads\/2024\/08\/Buergerinitiative-Krempe-Weide-panorama.jpg&#8220; parallax=&#8220;on&#8220; custom_padding=&#8220;54px|||||&#8220;][\/et_pb_section]<\/p>\n","protected":false},"excerpt":{"rendered":"<p>[et_pb_section fb_built=&#8220;1&#8243; admin_label=&#8220;section&#8220; _builder_version=&#8220;4.4.1&#8243; background_color=&#8220;rgba(0,0,0,0)&#8220; background_image=&#8220;http:\/\/www.naturschutz-krempe.de\/wp-content\/uploads\/2024\/09\/Buergerinitiative-Krempe-Weide-filter-scaled.jpg&#8220; min_height=&#8220;534px&#8220; custom_margin=&#8220;||-1px|||&#8220; custom_padding=&#8220;79px||0px|||&#8220;][et_pb_row column_structure=&#8220;1_2,1_2&#8243; _builder_version=&#8220;4.4.1&#8243; custom_margin=&#8220;74px|auto||auto||&#8220; custom_padding=&#8220;||129px|||&#8220;][et_pb_column type=&#8220;1_2&#8243; _builder_version=&#8220;4.4.1&#8243;][et_pb_image src=&#8220;http:\/\/www.naturschutz-krempe.de\/wp-content\/uploads\/2024\/08\/buergerinitiative-krempe-achtung-naturverlust-in-krempe-logo-negativ-gruen-links-schwarzer-kasten-1.png&#8220; _builder_version=&#8220;4.4.1&#8243; custom_padding=&#8220;39px|||||&#8220;][\/et_pb_image][\/et_pb_column][et_pb_column type=&#8220;1_2&#8243; _builder_version=&#8220;4.4.1&#8243;][et_pb_accordion _builder_version=&#8220;4.4.1&#8243; hover_enabled=&#8220;0&#8243;][et_pb_accordion_item title=&#8220;DANKESCH\u00d6N!&#8220; open=&#8220;on&#8220; open_toggle_text_color=&#8220;#3fa435&#8243; _builder_version=&#8220;4.4.1&#8243; body_text_color=&#8220;#000000&#8243; body_font_size=&#8220;22px&#8220; background_enable_color=&#8220;off&#8220; hover_enabled=&#8220;0&#8243; toggle_text_color=&#8220;#7cda24&#8243; toggle_level=&#8220;h3&#8243; toggle_font=&#8220;|700|||||||&#8220; toggle_font_size=&#8220;34px&#8220; toggle_line_height=&#8220;1.4em&#8220; body_line_height=&#8220;1.4em&#8220; body_font=&#8220;|600|||||||&#8220; body_text_align=&#8220;left&#8220; custom_margin=&#8220;||||false|false&#8220; custom_padding=&#8220;40px|40px|40px|40px|false|false&#8220;] Es haben \u00fcber 800 Kremper:innen F\u00dcR den Erhalt der Weide gestimmt! Damit wurde der B\u00fcrgerentscheid [&hellip;]<\/p>\n","protected":false},"author":1,"featured_media":0,"parent":0,"menu_order":0,"comment_status":"closed","ping_status":"closed","template":"","meta":{"_et_pb_use_builder":"on","_et_pb_old_content":"","_et_gb_content_width":"","footnotes":""},"class_list":["post-26","page","type-page","status-publish","hentry"],"_links":{"self":[{"href":"https:\/\/www.naturschutz-krempe.de\/index.php?rest_route=\/wp\/v2\/pages\/26","targetHints":{"allow":["GET"]}}],"collection":[{"href":"https:\/\/www.naturschutz-krempe.de\/index.php?rest_route=\/wp\/v2\/pages"}],"about":[{"href":"https:\/\/www.naturschutz-krempe.de\/index.php?rest_route=\/wp\/v2\/types\/page"}],"author":[{"embeddable":true,"href":"https:\/\/www.naturschutz-krempe.de\/index.php?rest_route=\/wp\/v2\/users\/1"}],"replies":[{"embeddable":true,"href":"https:\/\/www.naturschutz-krempe.de\/index.php?rest_route=%2Fwp%2Fv2%2Fcomments&post=26"}],"version-history":[{"count":91,"href":"https:\/\/www.naturschutz-krempe.de\/index.php?rest_route=\/wp\/v2\/pages\/26\/revisions"}],"predecessor-version":[{"id":314,"href":"https:\/\/www.naturschutz-krempe.de\/index.php?rest_route=\/wp\/v2\/pages\/26\/revisions\/314"}],"wp:attachment":[{"href":"https:\/\/www.naturschutz-krempe.de\/index.php?rest_route=%2Fwp%2Fv2%2Fmedia&parent=26"}],"curies":[{"name":"wp","href":"https:\/\/api.w.org\/{rel}","templated":true}]}}